{"id":8,"date":"2026-01-11T05:36:23","date_gmt":"2026-01-11T05:36:23","guid":{"rendered":"https:\/\/kim99.ink\/?page_id=8"},"modified":"2026-01-11T06:09:35","modified_gmt":"2026-01-11T06:09:35","slug":"kim99-ink","status":"publish","type":"page","link":"https:\/\/kim99.ink\/","title":{"rendered":"kim99.ink"},"content":{"rendered":"<div class=\"slider-wrapper relative\" id=\"slider-1629206948\" >\n    <div class=\"slider slider-nav-circle slider-nav-large slider-nav-light slider-style-normal\"\n        data-flickity-options='{\n            \"cellAlign\": \"center\",\n            \"imagesLoaded\": true,\n            \"lazyLoad\": 1,\n            \"freeScroll\": false,\n            \"wrapAround\": true,\n            \"autoPlay\": 6000,\n            \"pauseAutoPlayOnHover\" : true,\n            \"prevNextButtons\": true,\n            \"contain\" : true,\n            \"adaptiveHeight\" : true,\n            \"dragThreshold\" : 10,\n            \"percentPosition\": true,\n            \"pageDots\": true,\n            \"rightToLeft\": false,\n            \"draggable\": true,\n            \"selectedAttraction\": 0.1,\n            \"parallax\" : 0,\n            \"friction\": 0.6        }'\n        >\n        \n\t<div class=\"img has-hover x md-x lg-x y md-y lg-y\" id=\"image_185157776\">\n\t\t\t\t\t\t\t\t<div class=\"img-inner dark\" >\n\t\t\t<img loading=\"lazy\" decoding=\"async\" width=\"1600\" height=\"500\" src=\"https:\/\/kim99.ink\/wp-content\/uploads\/2026\/01\/kim99-thuong-nap-100.webp\" class=\"attachment-original size-original\" alt=\"kim99\" srcset=\"https:\/\/kim99.ink\/wp-content\/uploads\/2026\/01\/kim99-thuong-nap-100.webp 1600w, https:\/\/kim99.ink\/wp-content\/uploads\/2026\/01\/kim99-thuong-nap-100-300x94.webp 300w, https:\/\/kim99.ink\/wp-content\/uploads\/2026\/01\/kim99-thuong-nap-100-1024x320.webp 1024w, https:\/\/kim99.ink\/wp-content\/uploads\/2026\/01\/kim99-thuong-nap-100-768x240.webp 768w, https:\/\/kim99.ink\/wp-content\/uploads\/2026\/01\/kim99-thuong-nap-100-1536x480.webp 1536w\" sizes=\"auto, (max-width: 1600px) 100vw, 1600px\" \/>\t\t\t\t\t\t\n\t\t\t\t\t<\/div>\n\t\t\t\t\t\t\t\t\n<style>\n#image_185157776 {\n  width: 100%;\n}\n<\/style>\n\t<\/div>\n\t\n     <\/div>\n\n     <div class=\"loading-spin dark large centered\"><\/div>\n\n\t<\/div>\n\n\n\n\t<section class=\"section\" id=\"section_1613510477\">\n\t\t<div class=\"section-bg fill\" >\n\t\t\t\t\t\t\t\t\t\n\t\t\t\n\n\t\t<\/div>\n\n\t\t\n\n\t\t<div class=\"section-content relative\">\n\t\t\t\n<div class=\"row\"  id=\"row-259313997\">\n\n\t<div id=\"col-1316858495\" class=\"col medium-2 small-4 large-2\"  >\n\t\t\t\t<div class=\"col-inner\"  >\n\t\t\t\n\t\t\t\n\t<div class=\"img has-hover x md-x lg-x y md-y lg-y\" id=\"image_1530373070\">\n\t\t\t\t\t\t\t\t<div class=\"img-inner dark\" >\n\t\t\t<img loading=\"lazy\" decoding=\"async\" width=\"250\" height=\"390\" src=\"https:\/\/kim99.ink\/wp-content\/uploads\/2026\/01\/kim99-1.webp\" class=\"attachment-original size-original\" alt=\"kim99\" srcset=\"https:\/\/kim99.ink\/wp-content\/uploads\/2026\/01\/kim99-1.webp 250w, https:\/\/kim99.ink\/wp-content\/uploads\/2026\/01\/kim99-1-192x300.webp 192w\" sizes=\"auto, (max-width: 250px) 100vw, 250px\" \/>\t\t\t\t\t\t\n\t\t\t\t\t<\/div>\n\t\t\t\t\t\t\t\t\n<style>\n#image_1530373070 {\n  width: 100%;\n}\n<\/style>\n\t<\/div>\n\t\n\t\t<\/div>\n\t\t\t\t\t<\/div>\n\n\t\n\n\t<div id=\"col-1513148434\" class=\"col medium-2 small-4 large-2\"  >\n\t\t\t\t<div class=\"col-inner\"  >\n\t\t\t\n\t\t\t\n\t<div class=\"img has-hover x md-x lg-x y md-y lg-y\" id=\"image_53380322\">\n\t\t\t\t\t\t\t\t<div class=\"img-inner dark\" >\n\t\t\t<img loading=\"lazy\" decoding=\"async\" width=\"250\" height=\"390\" src=\"https:\/\/kim99.ink\/wp-content\/uploads\/2026\/01\/kim99-2.webp\" class=\"attachment-original size-original\" alt=\"kim99\" srcset=\"https:\/\/kim99.ink\/wp-content\/uploads\/2026\/01\/kim99-2.webp 250w, https:\/\/kim99.ink\/wp-content\/uploads\/2026\/01\/kim99-2-192x300.webp 192w\" sizes=\"auto, (max-width: 250px) 100vw, 250px\" \/>\t\t\t\t\t\t\n\t\t\t\t\t<\/div>\n\t\t\t\t\t\t\t\t\n<style>\n#image_53380322 {\n  width: 100%;\n}\n<\/style>\n\t<\/div>\n\t\n\t\t<\/div>\n\t\t\t\t\t<\/div>\n\n\t\n\n\t<div id=\"col-1307977110\" class=\"col medium-2 small-4 large-2\"  >\n\t\t\t\t<div class=\"col-inner\"  >\n\t\t\t\n\t\t\t\n\t<div class=\"img has-hover x md-x lg-x y md-y lg-y\" id=\"image_30304346\">\n\t\t\t\t\t\t\t\t<div class=\"img-inner dark\" >\n\t\t\t<img loading=\"lazy\" decoding=\"async\" width=\"250\" height=\"390\" src=\"https:\/\/kim99.ink\/wp-content\/uploads\/2026\/01\/kim99-3.webp\" class=\"attachment-original size-original\" alt=\"kim99\" srcset=\"https:\/\/kim99.ink\/wp-content\/uploads\/2026\/01\/kim99-3.webp 250w, https:\/\/kim99.ink\/wp-content\/uploads\/2026\/01\/kim99-3-192x300.webp 192w\" sizes=\"auto, (max-width: 250px) 100vw, 250px\" \/>\t\t\t\t\t\t\n\t\t\t\t\t<\/div>\n\t\t\t\t\t\t\t\t\n<style>\n#image_30304346 {\n  width: 100%;\n}\n<\/style>\n\t<\/div>\n\t\n\t\t<\/div>\n\t\t\t\t\t<\/div>\n\n\t\n\n\t<div id=\"col-1427067941\" class=\"col medium-2 small-4 large-2\"  >\n\t\t\t\t<div class=\"col-inner\"  >\n\t\t\t\n\t\t\t\n\t<div class=\"img has-hover x md-x lg-x y md-y lg-y\" id=\"image_765987042\">\n\t\t\t\t\t\t\t\t<div class=\"img-inner dark\" >\n\t\t\t<img loading=\"lazy\" decoding=\"async\" width=\"250\" height=\"390\" src=\"https:\/\/kim99.ink\/wp-content\/uploads\/2026\/01\/kim99-4.webp\" class=\"attachment-original size-original\" alt=\"kim99\" srcset=\"https:\/\/kim99.ink\/wp-content\/uploads\/2026\/01\/kim99-4.webp 250w, https:\/\/kim99.ink\/wp-content\/uploads\/2026\/01\/kim99-4-192x300.webp 192w\" sizes=\"auto, (max-width: 250px) 100vw, 250px\" \/>\t\t\t\t\t\t\n\t\t\t\t\t<\/div>\n\t\t\t\t\t\t\t\t\n<style>\n#image_765987042 {\n  width: 100%;\n}\n<\/style>\n\t<\/div>\n\t\n\t\t<\/div>\n\t\t\t\t\t<\/div>\n\n\t\n\n\t<div id=\"col-2094315995\" class=\"col medium-2 small-4 large-2\"  >\n\t\t\t\t<div class=\"col-inner\"  >\n\t\t\t\n\t\t\t\n\t<div class=\"img has-hover x md-x lg-x y md-y lg-y\" id=\"image_1685755632\">\n\t\t\t\t\t\t\t\t<div class=\"img-inner dark\" >\n\t\t\t<img loading=\"lazy\" decoding=\"async\" width=\"250\" height=\"390\" src=\"https:\/\/kim99.ink\/wp-content\/uploads\/2026\/01\/kim99-5.webp\" class=\"attachment-original size-original\" alt=\"kim99\" srcset=\"https:\/\/kim99.ink\/wp-content\/uploads\/2026\/01\/kim99-5.webp 250w, https:\/\/kim99.ink\/wp-content\/uploads\/2026\/01\/kim99-5-192x300.webp 192w\" sizes=\"auto, (max-width: 250px) 100vw, 250px\" \/>\t\t\t\t\t\t\n\t\t\t\t\t<\/div>\n\t\t\t\t\t\t\t\t\n<style>\n#image_1685755632 {\n  width: 100%;\n}\n<\/style>\n\t<\/div>\n\t\n\t\t<\/div>\n\t\t\t\t\t<\/div>\n\n\t\n\n\t<div id=\"col-270954506\" class=\"col medium-2 small-4 large-2\"  >\n\t\t\t\t<div class=\"col-inner\"  >\n\t\t\t\n\t\t\t\n\t<div class=\"img has-hover x md-x lg-x y md-y lg-y\" id=\"image_746486423\">\n\t\t\t\t\t\t\t\t<div class=\"img-inner dark\" >\n\t\t\t<img loading=\"lazy\" decoding=\"async\" width=\"250\" height=\"390\" src=\"https:\/\/kim99.ink\/wp-content\/uploads\/2026\/01\/kim99-6.webp\" class=\"attachment-original size-original\" alt=\"\" srcset=\"https:\/\/kim99.ink\/wp-content\/uploads\/2026\/01\/kim99-6.webp 250w, https:\/\/kim99.ink\/wp-content\/uploads\/2026\/01\/kim99-6-192x300.webp 192w\" sizes=\"auto, (max-width: 250px) 100vw, 250px\" \/>\t\t\t\t\t\t\n\t\t\t\t\t<\/div>\n\t\t\t\t\t\t\t\t\n<style>\n#image_746486423 {\n  width: 100%;\n}\n<\/style>\n\t<\/div>\n\t\n\t\t<\/div>\n\t\t\t\t\t<\/div>\n\n\t\n<\/div>\n<div class=\"row\"  id=\"row-1052077552\">\n\n\t<div id=\"col-445287538\" class=\"col small-12 large-12\"  >\n\t\t\t\t<div class=\"col-inner\"  >\n\t\t\t\n\t\t\t\n<div class=\"container section-title-container\" ><h1 class=\"section-title section-title-bold-center\"><b><\/b><span class=\"section-title-main\" >Kim99 - Trang Ch\u1ee7 Kim99.com | \u0110\u0103ng K\u00fd Th\u01b0\u1edfng 100%<\/span><b><\/b><\/h1><\/div>\n<p data-start=\"167\" data-end=\"706\"><strong data-start=\"167\" data-end=\"176\">Kim99<\/strong> l\u00e0 n\u1ec1n t\u1ea3ng gi\u1ea3i tr\u00ed tr\u1ef1c tuy\u1ebfn \u0111ang thu h\u00fat s\u1ef1 quan t\u00e2m l\u1edbn t\u1eeb c\u1ed9ng \u0111\u1ed3ng ng\u01b0\u1eddi ch\u01a1i nh\u1edd \u0111\u1ecbnh h\u01b0\u1edbng ph\u00e1t tri\u1ec3n uy t\u00edn, minh b\u1ea1ch v\u00e0 kh\u00f4ng ng\u1eebng n\u00e2ng cao tr\u1ea3i nghi\u1ec7m ng\u01b0\u1eddi d\u00f9ng. S\u1edf h\u1eefu h\u1ec7 sinh th\u00e1i c\u00e1 c\u01b0\u1ee3c \u0111a d\u1ea1ng, giao di\u1ec7n th\u00e2n thi\u1ec7n c\u00f9ng t\u1ed1c \u0111\u1ed9 x\u1eed l\u00fd m\u01b0\u1ee3t m\u00e0, Kim99 mang \u0111\u1ebfn kh\u00f4ng gian gi\u1ea3i tr\u00ed an to\u00e0n, hi\u1ec7n \u0111\u1ea1i v\u00e0 ph\u00f9 h\u1ee3p v\u1edbi nhi\u1ec1u \u0111\u1ed1i t\u01b0\u1ee3ng ng\u01b0\u1eddi ch\u01a1i. Trong b\u00e0i vi\u1ebft n\u00e0y, ch\u00fang t\u00f4i s\u1ebd gi\u00fap b\u1ea1n kh\u00e1m ph\u00e1 chi ti\u1ebft v\u1ec1 Kim99, t\u1eeb t\u1ed5ng quan th\u01b0\u01a1ng hi\u1ec7u, s\u1ea3n ph\u1ea9m n\u1ed5i b\u1eadt cho \u0111\u1ebfn c\u00e1ch tham gia v\u00e0 nh\u1eefng \u01b0u \u0111\u00e3i \u0111\u00e1ng ch\u00fa \u00fd hi\u1ec7n nay.<\/p>\n\t\t<\/div>\n\t\t\t\t\t<\/div>\n\n\t\n<\/div>\n\t\t<\/div>\n\n\t\t\n<style>\n#section_1613510477 {\n  padding-top: 30px;\n  padding-bottom: 30px;\n}\n<\/style>\n\t<\/section>\n\t\n","protected":false},"excerpt":{"rendered":"","protected":false},"author":1,"featured_media":0,"parent":0,"menu_order":0,"comment_status":"closed","ping_status":"closed","template":"page-blank.php","meta":{"footnotes":""},"class_list":["post-8","page","type-page","status-publish","hentry"],"_links":{"self":[{"href":"https:\/\/kim99.ink\/index.php\/wp-json\/wp\/v2\/pages\/8","targetHints":{"allow":["GET"]}}],"collection":[{"href":"https:\/\/kim99.ink\/index.php\/wp-json\/wp\/v2\/pages"}],"about":[{"href":"https:\/\/kim99.ink\/index.php\/wp-json\/wp\/v2\/types\/page"}],"author":[{"embeddable":true,"href":"https:\/\/kim99.ink\/index.php\/wp-json\/wp\/v2\/users\/1"}],"replies":[{"embeddable":true,"href":"https:\/\/kim99.ink\/index.php\/wp-json\/wp\/v2\/comments?post=8"}],"version-history":[{"count":4,"href":"https:\/\/kim99.ink\/index.php\/wp-json\/wp\/v2\/pages\/8\/revisions"}],"predecessor-version":[{"id":39,"href":"https:\/\/kim99.ink\/index.php\/wp-json\/wp\/v2\/pages\/8\/revisions\/39"}],"wp:attachment":[{"href":"https:\/\/kim99.ink\/index.php\/wp-json\/wp\/v2\/media?parent=8"}],"curies":[{"name":"wp","href":"https:\/\/api.w.org\/{rel}","templated":true}]}}